{"id":3662,"date":"2020-12-16T14:04:51","date_gmt":"2020-12-16T14:04:51","guid":{"rendered":"https:\/\/wp.7elfen.de\/?page_id=3662"},"modified":"2020-12-17T16:16:54","modified_gmt":"2020-12-17T16:16:54","slug":"19-21-2-2021-buchungsplan-und-buchungsanfrage","status":"publish","type":"page","link":"https:\/\/wp.7elfen.de\/index.php\/19-21-2-2021-buchungsplan-und-buchungsanfrage\/","title":{"rendered":"19.- 21.2.2021 Buchungsplan und Buchungsanfrage"},"content":{"rendered":"\t\t<div data-elementor-type=\"wp-page\" data-elementor-id=\"3662\" class=\"elementor elementor-3662\">\n\t\t\t\t\t\t<section class=\"elementor-section elementor-top-section elementor-element elementor-element-7065f0be elementor-section-boxed elementor-section-height-default elementor-section-height-default\" data-id=\"7065f0be\" data-element_type=\"section\">\n\t\t\t\t\t\t<div class=\"elementor-container elementor-column-gap-default\">\n\t\t\t\t\t<div class=\"elementor-column elementor-col-100 elementor-top-column elementor-element elementor-element-111c599 ot-flex-column-vertical\" data-id=\"111c599\" data-element_type=\"column\">\n\t\t\t<div class=\"elementor-widget-wrap elementor-element-populated\">\n\t\t\t\t\t\t<div class=\"elementor-element elementor-element-575908aa elementor-widget elementor-widget-text-editor\" data-id=\"575908aa\" data-element_type=\"widget\" data-widget_type=\"text-editor.default\">\n\t\t\t\t<div class=\"elementor-widget-container\">\n\t\t\t\t\t\t\t\t\t<p><\/p>\n<p style=\"text-align: center;\">Bitte schaut in der unteren Tabelle nach freien Shooting-Zeiten, dass sind die gr\u00fcnen Felder. Die orangenen Felder sind bereits belegt. Magenta Felder stehen f\u00fcr noch nicht best\u00e4tigte Model- u. Fotografenzusagen. Tragt dann Eure Wunschtermin in das unten stehende Buchungsformular unter der Tabelle ein. Mindestbuchung sind 2h je Model. <br \/><br \/>Tabelle nach rechts scrollen f\u00fcr weiter Buchungszeiten und Infos.<\/p>\n<p><\/p>\t\t\t\t\t\t\t\t<\/div>\n\t\t\t\t<\/div>\n\t\t\t\t\t<\/div>\n\t\t<\/div>\n\t\t\t\t\t<\/div>\n\t\t<\/section>\n\t\t\t\t<section class=\"elementor-section elementor-top-section elementor-element elementor-element-2ed9ce9 elementor-section-full_width elementor-section-height-default elementor-section-height-default\" data-id=\"2ed9ce9\" data-element_type=\"section\">\n\t\t\t\t\t\t<div class=\"elementor-container elementor-column-gap-default\">\n\t\t\t\t\t<div class=\"elementor-column elementor-col-100 elementor-top-column elementor-element elementor-element-42c7ae79 ot-flex-column-vertical\" data-id=\"42c7ae79\" data-element_type=\"column\">\n\t\t\t<div class=\"elementor-widget-wrap elementor-element-populated\">\n\t\t\t\t\t\t<div class=\"elementor-element elementor-element-3cb055ed elementor-widget elementor-widget-html\" data-id=\"3cb055ed\" data-element_type=\"widget\" data-widget_type=\"html.default\">\n\t\t\t\t<div class=\"elementor-widget-container\">\n\t\t\t\t\t<iframe id=\"dynamicFrame\" src=\"https:\/\/docs.google.com\/spreadsheets\/d\/e\/2PACX-1vSwhrKP6NDn4VlbiRZAoh7ctOl2LIwA5qmgaIf0BAhtAW-yGjhN3Wtuam1rNMlR22_C0tD68NXdsoE9\/pubhtml?\"\n        width=\"100%\"\n        height=\"1100px\"\n        frameborder=\"0\"\n        allow=\"microphone; camera\">\n<\/iframe>\t\t\t\t<\/div>\n\t\t\t\t<\/div>\n\t\t\t\t\t<\/div>\n\t\t<\/div>\n\t\t\t\t\t<\/div>\n\t\t<\/section>\n\t\t\t\t<section class=\"elementor-section elementor-top-section elementor-element elementor-element-72954cef elementor-section-full_width elementor-section-height-default elementor-section-height-default\" data-id=\"72954cef\" data-element_type=\"section\">\n\t\t\t\t\t\t<div class=\"elementor-container elementor-column-gap-default\">\n\t\t\t\t\t<div class=\"elementor-column elementor-col-100 elementor-top-column elementor-element elementor-element-2ee8d5f7 ot-flex-column-vertical\" data-id=\"2ee8d5f7\" data-element_type=\"column\" data-settings=\"{&quot;background_background&quot;:&quot;classic&quot;}\">\n\t\t\t<div class=\"elementor-widget-wrap elementor-element-populated\">\n\t\t\t\t\t\t<div class=\"elementor-element elementor-element-386e0864 elementor-widget elementor-widget-html\" data-id=\"386e0864\" data-element_type=\"widget\" data-widget_type=\"html.default\">\n\t\t\t\t<div class=\"elementor-widget-container\">\n\t\t\t\t\t<iframe id=\"dynamicFrame\" src=\"https:\/\/docs.google.com\/forms\/d\/e\/1FAIpQLSeXHyvGldO6Fzn07UBR8I4Mtd--mVD7UFWsxNwKtdxQZQmeCg\/viewform?embedded=true\" \n        width=\"100%\"\n        height=\"1700px\"\n        frameborder=\"0\"\n        >\n<\/iframe>\t\t\t\t<\/div>\n\t\t\t\t<\/div>\n\t\t\t\t\t<\/div>\n\t\t<\/div>\n\t\t\t\t\t<\/div>\n\t\t<\/section>\n\t\t\t\t<\/div>\n\t\t","protected":false},"excerpt":{"rendered":"<p>Bitte schaut in der unteren Tabelle nach freien Shooting-Zeiten, dass sind die gr\u00fcnen Felder. Die orangenen Felder sind bereits belegt. Magenta Felder stehen f\u00fcr noch nicht best\u00e4tigte Model- u. Fotografenzusagen. Tragt dann Eure Wunschtermin in das unten stehende Buchungsformular unter der Tabelle ein. Mindestbuchung sind 2h je Model. Tabelle nach rechts scrollen f\u00fcr weiter Buchungszeiten [&hellip;]<\/p>\n","protected":false},"author":1,"featured_media":0,"parent":0,"menu_order":0,"comment_status":"closed","ping_status":"closed","template":"","meta":{"footnotes":""},"class_list":["post-3662","page","type-page","status-publish","hentry"],"_links":{"self":[{"href":"https:\/\/wp.7elfen.de\/index.php\/wp-json\/wp\/v2\/pages\/3662","targetHints":{"allow":["GET"]}}],"collection":[{"href":"https:\/\/wp.7elfen.de\/index.php\/wp-json\/wp\/v2\/pages"}],"about":[{"href":"https:\/\/wp.7elfen.de\/index.php\/wp-json\/wp\/v2\/types\/page"}],"author":[{"embeddable":true,"href":"https:\/\/wp.7elfen.de\/index.php\/wp-json\/wp\/v2\/users\/1"}],"replies":[{"embeddable":true,"href":"https:\/\/wp.7elfen.de\/index.php\/wp-json\/wp\/v2\/comments?post=3662"}],"version-history":[{"count":10,"href":"https:\/\/wp.7elfen.de\/index.php\/wp-json\/wp\/v2\/pages\/3662\/revisions"}],"predecessor-version":[{"id":3733,"href":"https:\/\/wp.7elfen.de\/index.php\/wp-json\/wp\/v2\/pages\/3662\/revisions\/3733"}],"wp:attachment":[{"href":"https:\/\/wp.7elfen.de\/index.php\/wp-json\/wp\/v2\/media?parent=3662"}],"curies":[{"name":"wp","href":"https:\/\/api.w.org\/{rel}","templated":true}]}}